{"id":283,"date":"2020-05-05T22:21:55","date_gmt":"2020-05-05T20:21:55","guid":{"rendered":"http:\/\/aestunevache.com\/?page_id=283"},"modified":"2020-05-06T15:11:05","modified_gmt":"2020-05-06T13:11:05","slug":"bestiaire-de-ville-et-de-campagne","status":"publish","type":"page","link":"https:\/\/aestunevache.com\/?page_id=283","title":{"rendered":"Bestiaire"},"content":{"rendered":"<span class=\"rt-reading-time\" style=\"display: block;\"><span class=\"rt-label rt-prefix\">Temps de lecture\u00a0: <\/span> <span class=\"rt-time\">3<\/span> <span class=\"rt-label rt-postfix\">minutes<\/span><\/span>\n<div class=\"wp-block-image\"><figure class=\"aligncenter\"><img loading=\"lazy\" decoding=\"async\" width=\"1024\" height=\"768\" src=\"http:\/\/aestunevache.com\/wp-content\/uploads\/2020\/05\/P1160930-1024x768.jpg\" alt=\"\" class=\"wp-image-201\" srcset=\"https:\/\/aestunevache.com\/wp-content\/uploads\/2020\/05\/P1160930-1024x768.jpg 1024w, https:\/\/aestunevache.com\/wp-content\/uploads\/2020\/05\/P1160930-300x225.jpg 300w, https:\/\/aestunevache.com\/wp-content\/uploads\/2020\/05\/P1160930-768x576.jpg 768w\" sizes=\"auto, (max-width: 1024px) 100vw, 1024px\" \/><figcaption>Vache normande<br><br><\/figcaption><\/figure><\/div>\n\n\n\n<figure class=\"wp-block-image\"><img loading=\"lazy\" decoding=\"async\" width=\"1000\" height=\"750\" src=\"http:\/\/aestunevache.com\/wp-content\/uploads\/2020\/05\/13301538_10206656606999155_7438013621618184535_o.jpg\" alt=\"\" class=\"wp-image-146\" srcset=\"https:\/\/aestunevache.com\/wp-content\/uploads\/2020\/05\/13301538_10206656606999155_7438013621618184535_o.jpg 1000w, https:\/\/aestunevache.com\/wp-content\/uploads\/2020\/05\/13301538_10206656606999155_7438013621618184535_o-300x225.jpg 300w, https:\/\/aestunevache.com\/wp-content\/uploads\/2020\/05\/13301538_10206656606999155_7438013621618184535_o-768x576.jpg 768w\" sizes=\"auto, (max-width: 1000px) 100vw, 1000px\" \/><figcaption>Veau normand<br><\/figcaption><\/figure>\n\n\n\n<figure class=\"wp-block-image\"><img loading=\"lazy\" decoding=\"async\" width=\"1024\" height=\"768\" src=\"http:\/\/aestunevache.com\/wp-content\/uploads\/2020\/05\/P1310899-1-1024x768.jpg\" alt=\"\" class=\"wp-image-205\" srcset=\"https:\/\/aestunevache.com\/wp-content\/uploads\/2020\/05\/P1310899-1-1024x768.jpg 1024w, https:\/\/aestunevache.com\/wp-content\/uploads\/2020\/05\/P1310899-1-300x225.jpg 300w, https:\/\/aestunevache.com\/wp-content\/uploads\/2020\/05\/P1310899-1-768x576.jpg 768w\" sizes=\"auto, (max-width: 1024px) 100vw, 1024px\" \/><figcaption>Vache pie rouge<br><br><\/figcaption><\/figure>\n\n\n\n<figure class=\"wp-block-image\"><img loading=\"lazy\" decoding=\"async\" width=\"1024\" height=\"768\" src=\"http:\/\/aestunevache.com\/wp-content\/uploads\/2020\/05\/14409510_10207592558957369_9177470223627102059_o-1-1024x768.jpg\" alt=\"\" class=\"wp-image-192\" srcset=\"https:\/\/aestunevache.com\/wp-content\/uploads\/2020\/05\/14409510_10207592558957369_9177470223627102059_o-1-1024x768.jpg 1024w, https:\/\/aestunevache.com\/wp-content\/uploads\/2020\/05\/14409510_10207592558957369_9177470223627102059_o-1-300x225.jpg 300w, https:\/\/aestunevache.com\/wp-content\/uploads\/2020\/05\/14409510_10207592558957369_9177470223627102059_o-1-768x576.jpg 768w, https:\/\/aestunevache.com\/wp-content\/uploads\/2020\/05\/14409510_10207592558957369_9177470223627102059_o-1.jpg 2048w\" sizes=\"auto, (max-width: 1024px) 100vw, 1024px\" \/><figcaption>Veau jersiais<br><br><\/figcaption><\/figure>\n\n\n\n<figure class=\"wp-block-image\"><img loading=\"lazy\" decoding=\"async\" width=\"768\" height=\"1024\" src=\"http:\/\/aestunevache.com\/wp-content\/uploads\/2020\/05\/20690068_10210299518549667_5887008862393859160_o-1-768x1024.jpg\" alt=\"\" class=\"wp-image-196\" srcset=\"https:\/\/aestunevache.com\/wp-content\/uploads\/2020\/05\/20690068_10210299518549667_5887008862393859160_o-1-768x1024.jpg 768w, https:\/\/aestunevache.com\/wp-content\/uploads\/2020\/05\/20690068_10210299518549667_5887008862393859160_o-1-225x300.jpg 225w, https:\/\/aestunevache.com\/wp-content\/uploads\/2020\/05\/20690068_10210299518549667_5887008862393859160_o-1.jpg 1536w\" sizes=\"auto, (max-width: 768px) 100vw, 768px\" \/><figcaption>Veau Holstein, le c\u0153ur en t\u00eate<br><br><\/figcaption><\/figure>\n\n\n\n<figure class=\"wp-block-image\"><img loading=\"lazy\" decoding=\"async\" width=\"768\" height=\"1024\" src=\"http:\/\/aestunevache.com\/wp-content\/uploads\/2020\/05\/13668664_10207153552022470_115448653646457518_o-768x1024.jpg\" alt=\"\" class=\"wp-image-149\" srcset=\"https:\/\/aestunevache.com\/wp-content\/uploads\/2020\/05\/13668664_10207153552022470_115448653646457518_o-768x1024.jpg 768w, https:\/\/aestunevache.com\/wp-content\/uploads\/2020\/05\/13668664_10207153552022470_115448653646457518_o-225x300.jpg 225w, https:\/\/aestunevache.com\/wp-content\/uploads\/2020\/05\/13668664_10207153552022470_115448653646457518_o.jpg 1536w\" sizes=\"auto, (max-width: 768px) 100vw, 768px\" \/><figcaption>Veau rouge des pr\u00e9s : le c\u0153ur en t\u00eate est l&rsquo;une des caract\u00e9ristiques de cette race<br><br><\/figcaption><\/figure>\n\n\n\n<figure class=\"wp-block-image\"><img loading=\"lazy\" decoding=\"async\" width=\"1024\" height=\"768\" src=\"http:\/\/aestunevache.com\/wp-content\/uploads\/2020\/05\/P1340685-1024x768.jpg\" alt=\"\" class=\"wp-image-55\" srcset=\"https:\/\/aestunevache.com\/wp-content\/uploads\/2020\/05\/P1340685-1024x768.jpg 1024w, https:\/\/aestunevache.com\/wp-content\/uploads\/2020\/05\/P1340685-300x225.jpg 300w, https:\/\/aestunevache.com\/wp-content\/uploads\/2020\/05\/P1340685-768x576.jpg 768w\" sizes=\"auto, (max-width: 1024px) 100vw, 1024px\" \/><figcaption>Vache et veau charolais<br><br><\/figcaption><\/figure>\n\n\n\n<figure class=\"wp-block-image\"><img loading=\"lazy\" decoding=\"async\" width=\"720\" height=\"960\" src=\"http:\/\/aestunevache.com\/wp-content\/uploads\/2020\/05\/10425350_10203627129664115_7769183902521282859_n-1.jpg\" alt=\"\" class=\"wp-image-189\" srcset=\"https:\/\/aestunevache.com\/wp-content\/uploads\/2020\/05\/10425350_10203627129664115_7769183902521282859_n-1.jpg 720w, https:\/\/aestunevache.com\/wp-content\/uploads\/2020\/05\/10425350_10203627129664115_7769183902521282859_n-1-225x300.jpg 225w\" sizes=\"auto, (max-width: 720px) 100vw, 720px\" \/><figcaption>Fesses de blondes (d&rsquo;Aquitaine)<br><br><\/figcaption><\/figure>\n\n\n\n<figure class=\"wp-block-image\"><img loading=\"lazy\" decoding=\"async\" width=\"1024\" height=\"768\" src=\"http:\/\/aestunevache.com\/wp-content\/uploads\/2020\/05\/16665169_10208756978747136_4738985210398166222_o-1-1024x768.jpg\" alt=\"\" class=\"wp-image-194\" srcset=\"https:\/\/aestunevache.com\/wp-content\/uploads\/2020\/05\/16665169_10208756978747136_4738985210398166222_o-1-1024x768.jpg 1024w, https:\/\/aestunevache.com\/wp-content\/uploads\/2020\/05\/16665169_10208756978747136_4738985210398166222_o-1-300x225.jpg 300w, https:\/\/aestunevache.com\/wp-content\/uploads\/2020\/05\/16665169_10208756978747136_4738985210398166222_o-1-768x576.jpg 768w, https:\/\/aestunevache.com\/wp-content\/uploads\/2020\/05\/16665169_10208756978747136_4738985210398166222_o-1.jpg 2048w\" sizes=\"auto, (max-width: 1024px) 100vw, 1024px\" \/><figcaption>Vache parthenaise<br><br><\/figcaption><\/figure>\n\n\n\n<figure class=\"wp-block-image\"><img loading=\"lazy\" decoding=\"async\" width=\"1024\" height=\"679\" src=\"http:\/\/aestunevache.com\/wp-content\/uploads\/2020\/05\/DSC_1708-1024x679.jpg\" alt=\"\" class=\"wp-image-36\" srcset=\"https:\/\/aestunevache.com\/wp-content\/uploads\/2020\/05\/DSC_1708-1024x679.jpg 1024w, https:\/\/aestunevache.com\/wp-content\/uploads\/2020\/05\/DSC_1708-300x199.jpg 300w, https:\/\/aestunevache.com\/wp-content\/uploads\/2020\/05\/DSC_1708-768x509.jpg 768w\" sizes=\"auto, (max-width: 1024px) 100vw, 1024px\" \/><figcaption>Taurillon limousin<br><br><\/figcaption><\/figure>\n\n\n\n<figure class=\"wp-block-image\"><img loading=\"lazy\" decoding=\"async\" width=\"1000\" height=\"750\" src=\"http:\/\/aestunevache.com\/wp-content\/uploads\/2020\/05\/13305111_10206656580478492_5240206060469897752_o.jpg\" alt=\"\" class=\"wp-image-147\" srcset=\"https:\/\/aestunevache.com\/wp-content\/uploads\/2020\/05\/13305111_10206656580478492_5240206060469897752_o.jpg 1000w, https:\/\/aestunevache.com\/wp-content\/uploads\/2020\/05\/13305111_10206656580478492_5240206060469897752_o-300x225.jpg 300w, https:\/\/aestunevache.com\/wp-content\/uploads\/2020\/05\/13305111_10206656580478492_5240206060469897752_o-768x576.jpg 768w\" sizes=\"auto, (max-width: 1000px) 100vw, 1000px\" \/><figcaption>Les normandes ont parfois des coiffures sympas&#8230;.<br><br><\/figcaption><\/figure>\n\n\n\n<figure class=\"wp-block-image\"><img loading=\"lazy\" decoding=\"async\" width=\"1024\" height=\"576\" src=\"http:\/\/aestunevache.com\/wp-content\/uploads\/2020\/05\/P1240594-1024x576.jpg\" alt=\"\" class=\"wp-image-288\" srcset=\"https:\/\/aestunevache.com\/wp-content\/uploads\/2020\/05\/P1240594-1024x576.jpg 1024w, https:\/\/aestunevache.com\/wp-content\/uploads\/2020\/05\/P1240594-300x169.jpg 300w, https:\/\/aestunevache.com\/wp-content\/uploads\/2020\/05\/P1240594-768x432.jpg 768w\" sizes=\"auto, (max-width: 1024px) 100vw, 1024px\" \/><figcaption>Montb\u00e9liarde au joli mufle rose<br><br><\/figcaption><\/figure>\n\n\n\n<figure class=\"wp-block-image\"><img loading=\"lazy\" decoding=\"async\" width=\"750\" height=\"1000\" src=\"http:\/\/aestunevache.com\/wp-content\/uploads\/2020\/05\/13246221_10206656449995230_485330456655123939_o.jpg\" alt=\"\" class=\"wp-image-145\" srcset=\"https:\/\/aestunevache.com\/wp-content\/uploads\/2020\/05\/13246221_10206656449995230_485330456655123939_o.jpg 750w, https:\/\/aestunevache.com\/wp-content\/uploads\/2020\/05\/13246221_10206656449995230_485330456655123939_o-225x300.jpg 225w\" sizes=\"auto, (max-width: 750px) 100vw, 750px\" \/><figcaption>Encore une normande (race pour lequel j&rsquo;ai un petit faible)&#8230; Celle-l\u00e0, je l&rsquo;ai surnomm\u00e9 Grumpy cow&#8230;<br><br><\/figcaption><\/figure>\n\n\n\n<figure class=\"wp-block-image\"><img loading=\"lazy\" decoding=\"async\" width=\"1024\" height=\"768\" src=\"http:\/\/aestunevache.com\/wp-content\/uploads\/2020\/05\/P1110577-1024x768.jpg\" alt=\"\" class=\"wp-image-284\" srcset=\"https:\/\/aestunevache.com\/wp-content\/uploads\/2020\/05\/P1110577-1024x768.jpg 1024w, https:\/\/aestunevache.com\/wp-content\/uploads\/2020\/05\/P1110577-300x225.jpg 300w, https:\/\/aestunevache.com\/wp-content\/uploads\/2020\/05\/P1110577-768x576.jpg 768w\" sizes=\"auto, (max-width: 1024px) 100vw, 1024px\" \/><figcaption>Je suis fascin\u00e9e par la robe de certaines normandes<br><br><\/figcaption><\/figure>\n\n\n\n<figure class=\"wp-block-image\"><img loading=\"lazy\" decoding=\"async\" width=\"1024\" height=\"576\" src=\"http:\/\/aestunevache.com\/wp-content\/uploads\/2020\/05\/41362932_10213140202764997_893631489973944320_o-1-1024x576.jpg\" alt=\"\" class=\"wp-image-199\" srcset=\"https:\/\/aestunevache.com\/wp-content\/uploads\/2020\/05\/41362932_10213140202764997_893631489973944320_o-1-1024x576.jpg 1024w, https:\/\/aestunevache.com\/wp-content\/uploads\/2020\/05\/41362932_10213140202764997_893631489973944320_o-1-300x169.jpg 300w, https:\/\/aestunevache.com\/wp-content\/uploads\/2020\/05\/41362932_10213140202764997_893631489973944320_o-1-768x432.jpg 768w, https:\/\/aestunevache.com\/wp-content\/uploads\/2020\/05\/41362932_10213140202764997_893631489973944320_o-1.jpg 1920w\" sizes=\"auto, (max-width: 1024px) 100vw, 1024px\" \/><figcaption>Bretonne pie noir<br><br><\/figcaption><\/figure>\n\n\n\n<figure class=\"wp-block-image\"><img loading=\"lazy\" decoding=\"async\" width=\"1024\" height=\"576\" src=\"http:\/\/aestunevache.com\/wp-content\/uploads\/2020\/05\/11223878_10205444454576102_5737098914988258717_o-1024x576.jpg\" alt=\"\" class=\"wp-image-143\" srcset=\"https:\/\/aestunevache.com\/wp-content\/uploads\/2020\/05\/11223878_10205444454576102_5737098914988258717_o-1024x576.jpg 1024w, https:\/\/aestunevache.com\/wp-content\/uploads\/2020\/05\/11223878_10205444454576102_5737098914988258717_o-300x169.jpg 300w, https:\/\/aestunevache.com\/wp-content\/uploads\/2020\/05\/11223878_10205444454576102_5737098914988258717_o-768x432.jpg 768w, https:\/\/aestunevache.com\/wp-content\/uploads\/2020\/05\/11223878_10205444454576102_5737098914988258717_o.jpg 2048w\" sizes=\"auto, (max-width: 1024px) 100vw, 1024px\" \/><figcaption>ch\u00e8vre Saanen<br><br><\/figcaption><\/figure>\n\n\n\n<figure class=\"wp-block-image\"><img loading=\"lazy\" decoding=\"async\" width=\"1000\" height=\"750\" src=\"http:\/\/aestunevache.com\/wp-content\/uploads\/2020\/05\/14258306_10207511403968545_1315681663080033046_o.jpg\" alt=\"\" class=\"wp-image-150\" srcset=\"https:\/\/aestunevache.com\/wp-content\/uploads\/2020\/05\/14258306_10207511403968545_1315681663080033046_o.jpg 1000w, https:\/\/aestunevache.com\/wp-content\/uploads\/2020\/05\/14258306_10207511403968545_1315681663080033046_o-300x225.jpg 300w, https:\/\/aestunevache.com\/wp-content\/uploads\/2020\/05\/14258306_10207511403968545_1315681663080033046_o-768x576.jpg 768w\" sizes=\"auto, (max-width: 1000px) 100vw, 1000px\" \/><figcaption>Mouton bleu du Maine<br><br><\/figcaption><\/figure>\n\n\n\n<figure class=\"wp-block-image\"><img loading=\"lazy\" decoding=\"async\" width=\"1024\" height=\"768\" src=\"http:\/\/aestunevache.com\/wp-content\/uploads\/2020\/05\/57305990_10214690964173063_7839774792331821056_o-1-1024x768.jpg\" alt=\"\" class=\"wp-image-200\" srcset=\"https:\/\/aestunevache.com\/wp-content\/uploads\/2020\/05\/57305990_10214690964173063_7839774792331821056_o-1-1024x768.jpg 1024w, https:\/\/aestunevache.com\/wp-content\/uploads\/2020\/05\/57305990_10214690964173063_7839774792331821056_o-1-300x225.jpg 300w, https:\/\/aestunevache.com\/wp-content\/uploads\/2020\/05\/57305990_10214690964173063_7839774792331821056_o-1-768x576.jpg 768w, https:\/\/aestunevache.com\/wp-content\/uploads\/2020\/05\/57305990_10214690964173063_7839774792331821056_o-1.jpg 2000w\" sizes=\"auto, (max-width: 1024px) 100vw, 1024px\" \/><figcaption>Moutons d&rsquo;Ouessant<\/figcaption><\/figure>\n\n\n\n<figure class=\"wp-block-image\"><img loading=\"lazy\" decoding=\"async\" width=\"1024\" height=\"736\" src=\"http:\/\/aestunevache.com\/wp-content\/uploads\/2020\/05\/chiensauvolant2-1024x736.jpg\" alt=\"\" class=\"wp-image-121\" srcset=\"https:\/\/aestunevache.com\/wp-content\/uploads\/2020\/05\/chiensauvolant2-1024x736.jpg 1024w, https:\/\/aestunevache.com\/wp-content\/uploads\/2020\/05\/chiensauvolant2-300x216.jpg 300w, https:\/\/aestunevache.com\/wp-content\/uploads\/2020\/05\/chiensauvolant2-768x552.jpg 768w, https:\/\/aestunevache.com\/wp-content\/uploads\/2020\/05\/chiensauvolant2.jpg 1703w\" sizes=\"auto, (max-width: 1024px) 100vw, 1024px\" \/><figcaption>Rare : chien conducteur de tracteur<br><br><\/figcaption><\/figure>\n\n\n\n<figure class=\"wp-block-image\"><img loading=\"lazy\" decoding=\"async\" width=\"1024\" height=\"576\" src=\"http:\/\/aestunevache.com\/wp-content\/uploads\/2020\/05\/P1310811-1024x576.jpg\" alt=\"\" class=\"wp-image-289\" srcset=\"https:\/\/aestunevache.com\/wp-content\/uploads\/2020\/05\/P1310811-1024x576.jpg 1024w, https:\/\/aestunevache.com\/wp-content\/uploads\/2020\/05\/P1310811-300x169.jpg 300w, https:\/\/aestunevache.com\/wp-content\/uploads\/2020\/05\/P1310811-768x432.jpg 768w\" sizes=\"auto, (max-width: 1024px) 100vw, 1024px\" \/><figcaption>Bestiaire de ville (chez moi) : chinchilla<br><br><\/figcaption><\/figure>\n\n\n\n<figure class=\"wp-block-image\"><img loading=\"lazy\" decoding=\"async\" width=\"1024\" height=\"576\" src=\"http:\/\/aestunevache.com\/wp-content\/uploads\/2020\/05\/P1160230-1024x576.jpg\" alt=\"\" class=\"wp-image-286\" srcset=\"https:\/\/aestunevache.com\/wp-content\/uploads\/2020\/05\/P1160230-1024x576.jpg 1024w, https:\/\/aestunevache.com\/wp-content\/uploads\/2020\/05\/P1160230-300x169.jpg 300w, https:\/\/aestunevache.com\/wp-content\/uploads\/2020\/05\/P1160230-768x432.jpg 768w\" sizes=\"auto, (max-width: 1024px) 100vw, 1024px\" \/><figcaption>Bestiaire de ville : chat borgne et sympa<br><br><br><\/figcaption><\/figure>\n","protected":false},"excerpt":{"rendered":"<p><span class=\"rt-reading-time\" style=\"display: block;\"><span class=\"rt-label rt-prefix\">Temps de lecture\u00a0: <\/span> <span class=\"rt-time\">3<\/span> <span class=\"rt-label rt-postfix\">minutes<\/span><\/span> <\/p>\n","protected":false},"author":1,"featured_media":0,"parent":0,"menu_order":0,"comment_status":"closed","ping_status":"closed","template":"","meta":{"footnotes":""},"class_list":["post-283","page","type-page","status-publish","hentry"],"_links":{"self":[{"href":"https:\/\/aestunevache.com\/index.php?rest_route=\/wp\/v2\/pages\/283","targetHints":{"allow":["GET"]}}],"collection":[{"href":"https:\/\/aestunevache.com\/index.php?rest_route=\/wp\/v2\/pages"}],"about":[{"href":"https:\/\/aestunevache.com\/index.php?rest_route=\/wp\/v2\/types\/page"}],"author":[{"embeddable":true,"href":"https:\/\/aestunevache.com\/index.php?rest_route=\/wp\/v2\/users\/1"}],"replies":[{"embeddable":true,"href":"https:\/\/aestunevache.com\/index.php?rest_route=%2Fwp%2Fv2%2Fcomments&post=283"}],"version-history":[{"count":4,"href":"https:\/\/aestunevache.com\/index.php?rest_route=\/wp\/v2\/pages\/283\/revisions"}],"predecessor-version":[{"id":315,"href":"https:\/\/aestunevache.com\/index.php?rest_route=\/wp\/v2\/pages\/283\/revisions\/315"}],"wp:attachment":[{"href":"https:\/\/aestunevache.com\/index.php?rest_route=%2Fwp%2Fv2%2Fmedia&parent=283"}],"curies":[{"name":"wp","href":"https:\/\/api.w.org\/{rel}","templated":true}]}}