{"id":259,"date":"2020-05-05T19:34:52","date_gmt":"2020-05-05T17:34:52","guid":{"rendered":"http:\/\/aestunevache.com\/?page_id=259"},"modified":"2021-01-02T10:52:14","modified_gmt":"2021-01-02T09:52:14","slug":"crazy-cow-lady","status":"publish","type":"page","link":"https:\/\/aestunevache.com\/?page_id=259","title":{"rendered":"Crazy cow lady"},"content":{"rendered":"<span class=\"rt-reading-time\" style=\"display: block;\"><span class=\"rt-label rt-prefix\">Temps de lecture\u00a0: <\/span> <span class=\"rt-time\">9<\/span> <span class=\"rt-label rt-postfix\">minutes<\/span><\/span>\n<p><br><\/p>\n\n\n\n<figure class=\"wp-block-video aligncenter\"><video controls src=\"http:\/\/aestunevache.com\/wp-content\/uploads\/2020\/05\/video-1588698886.mp4\"><\/video><\/figure>\n\n\n\n<figure class=\"wp-block-image\"><img loading=\"lazy\" decoding=\"async\" width=\"806\" height=\"1024\" src=\"http:\/\/aestunevache.com\/wp-content\/uploads\/2020\/05\/11113302_10205110994239802_17639919583308140_o-1-806x1024.jpg\" alt=\"\" class=\"wp-image-190\" srcset=\"https:\/\/aestunevache.com\/wp-content\/uploads\/2020\/05\/11113302_10205110994239802_17639919583308140_o-1-806x1024.jpg 806w, https:\/\/aestunevache.com\/wp-content\/uploads\/2020\/05\/11113302_10205110994239802_17639919583308140_o-1-236x300.jpg 236w, https:\/\/aestunevache.com\/wp-content\/uploads\/2020\/05\/11113302_10205110994239802_17639919583308140_o-1-768x976.jpg 768w, https:\/\/aestunevache.com\/wp-content\/uploads\/2020\/05\/11113302_10205110994239802_17639919583308140_o-1.jpg 901w\" sizes=\"auto, (max-width: 806px) 100vw, 806px\" \/><figcaption>Avec une montb\u00e9liarde<br><br><br><\/figcaption><\/figure>\n\n\n\n<figure class=\"wp-block-image\"><img loading=\"lazy\" decoding=\"async\" width=\"550\" height=\"549\" src=\"http:\/\/aestunevache.com\/wp-content\/uploads\/2020\/05\/13321790_10206662169298209_4490487824116130125_n.jpg\" alt=\"\" class=\"wp-image-148\" srcset=\"https:\/\/aestunevache.com\/wp-content\/uploads\/2020\/05\/13321790_10206662169298209_4490487824116130125_n.jpg 550w, https:\/\/aestunevache.com\/wp-content\/uploads\/2020\/05\/13321790_10206662169298209_4490487824116130125_n-150x150.jpg 150w, https:\/\/aestunevache.com\/wp-content\/uploads\/2020\/05\/13321790_10206662169298209_4490487824116130125_n-300x300.jpg 300w\" sizes=\"auto, (max-width: 550px) 100vw, 550px\" \/><figcaption>Avec une normande (et pas n&rsquo;importe laquelle, il s&rsquo;agit de Alma, du Gaec de la Belle \u00e9toile, championne du CGA normand 2013)<br><br><\/figcaption><\/figure>\n\n\n\n<figure class=\"wp-block-image\"><img loading=\"lazy\" decoding=\"async\" width=\"727\" height=\"727\" src=\"http:\/\/aestunevache.com\/wp-content\/uploads\/2020\/05\/couvtwitter.jpg\" alt=\"\" class=\"wp-image-135\" srcset=\"https:\/\/aestunevache.com\/wp-content\/uploads\/2020\/05\/couvtwitter.jpg 727w, https:\/\/aestunevache.com\/wp-content\/uploads\/2020\/05\/couvtwitter-150x150.jpg 150w, https:\/\/aestunevache.com\/wp-content\/uploads\/2020\/05\/couvtwitter-300x300.jpg 300w\" sizes=\"auto, (max-width: 727px) 100vw, 727px\" \/><figcaption>Avec un taureau charolais, l\u00e0 aussi un champion, puisqu&rsquo;il s&rsquo;agit de I love you, c\u00e9l\u00e8bre taureau appartenant \u00e0 Thierry Prain<br><br><br><\/figcaption><\/figure>\n\n\n\n<figure class=\"wp-block-image\"><img loading=\"lazy\" decoding=\"async\" width=\"1024\" height=\"768\" src=\"http:\/\/aestunevache.com\/wp-content\/uploads\/2020\/05\/19780768_10209979220302411_8884422929449652017_o-1-1024x768.jpg\" alt=\"\" class=\"wp-image-195\" srcset=\"https:\/\/aestunevache.com\/wp-content\/uploads\/2020\/05\/19780768_10209979220302411_8884422929449652017_o-1-1024x768.jpg 1024w, https:\/\/aestunevache.com\/wp-content\/uploads\/2020\/05\/19780768_10209979220302411_8884422929449652017_o-1-300x225.jpg 300w, https:\/\/aestunevache.com\/wp-content\/uploads\/2020\/05\/19780768_10209979220302411_8884422929449652017_o-1-768x576.jpg 768w, https:\/\/aestunevache.com\/wp-content\/uploads\/2020\/05\/19780768_10209979220302411_8884422929449652017_o-1.jpg 2048w\" sizes=\"auto, (max-width: 1024px) 100vw, 1024px\" \/><figcaption>Je me suis essay\u00e9e tardivement \u00e0 la traite, et j&rsquo;ai \u00e9t\u00e9 assez lamentable (les vaches me l&rsquo;ont fait savoir)&#8230; Juste bonne \u00e0 faire le trempage poste traite ! <br><br><\/figcaption><\/figure>\n\n\n\n<figure class=\"wp-block-image\"><img loading=\"lazy\" decoding=\"async\" width=\"1024\" height=\"706\" src=\"http:\/\/aestunevache.com\/wp-content\/uploads\/2020\/05\/219765_1674515748060_7820220_o-1-1024x706.jpg\" alt=\"\" class=\"wp-image-188\" srcset=\"https:\/\/aestunevache.com\/wp-content\/uploads\/2020\/05\/219765_1674515748060_7820220_o-1-1024x706.jpg 1024w, https:\/\/aestunevache.com\/wp-content\/uploads\/2020\/05\/219765_1674515748060_7820220_o-1-300x207.jpg 300w, https:\/\/aestunevache.com\/wp-content\/uploads\/2020\/05\/219765_1674515748060_7820220_o-1-768x530.jpg 768w, https:\/\/aestunevache.com\/wp-content\/uploads\/2020\/05\/219765_1674515748060_7820220_o-1.jpg 2048w\" sizes=\"auto, (max-width: 1024px) 100vw, 1024px\" \/><figcaption>Avec un taureau dit de \u00ab\u00a0corrida\u00a0\u00bb, en r\u00e9alit\u00e9 un taureau tout \u00e0 fait placide. <br><br><\/figcaption><\/figure>\n\n\n\n<figure class=\"wp-block-image\"><img loading=\"lazy\" decoding=\"async\" width=\"575\" height=\"960\" src=\"http:\/\/aestunevache.com\/wp-content\/uploads\/2020\/05\/portaitvache.jpg\" alt=\"\" class=\"wp-image-28\" srcset=\"https:\/\/aestunevache.com\/wp-content\/uploads\/2020\/05\/portaitvache.jpg 575w, https:\/\/aestunevache.com\/wp-content\/uploads\/2020\/05\/portaitvache-180x300.jpg 180w\" sizes=\"auto, (max-width: 575px) 100vw, 575px\" \/><figcaption>Avec une normande, au comice de Gu\u00e9men\u00e9-Penfao<br><br><\/figcaption><\/figure>\n\n\n\n<p>J&rsquo;ai essay\u00e9, il y a d\u00e9j\u00e0 longtemps (ce texte date de 2011 !), de d\u00e9crire ce que j&rsquo;aimais chez les vaches&#8230;  <\/p>\n\n\n\n<h3 class=\"wp-block-heading\"><strong>La vachoth\u00e9rapie ou le don de soi<\/strong><\/h3>\n\n\n\n<p> J&rsquo;ai longtemps cru \u00eatre \u00e0 l&rsquo;origine du mot vachoth\u00e9rapie, ou, au moins, en \u00eatre l&rsquo;unique utilisatrice. Mais j&rsquo;ai d\u00e9couvert r\u00e9cemment, gr\u00e2ce \u00e0 Internet, que ce terme \u00e9tait utilis\u00e9, en Inde, dans sa version anglaise de <em>cow therapy<\/em>, pour d\u00e9finir une m\u00e9decine bas\u00e9e sur l&rsquo;utilisation d&rsquo;urine de vache. Comme cette <em>cow therapy<\/em> pr\u00e9tend soigner toutes sortes de maladies, du panaris au cancer, je ne doute pas qu&rsquo;un jour, on la trouve en France, et que naissent bient\u00f4t des vocations de vachoth\u00e9rapeutes.  <\/p>\n\n\n\n<p>\tContrairement\n\u00e0 beaucoup de mes amis, je ne crois pas beaucoup aux m\u00e9decines\nparall\u00e8les : je ne me vois pas aller consulter un pseudoth\u00e9rapeute,\nfut-il vachoth\u00e9rapeute.\tNon, \u00ab&nbsp;ma vachoth\u00e9rapie \u00e0 moi&nbsp;\u00bb\nest \u00e0 usage personnel exclusif ; je n&rsquo;en fais aucun commerce ; la\nplupart du temps, m\u00eame, je la pratique en cachette. Il faut dire que\nje n&rsquo;ai pas de vache \u00e0 moi \u2013\nje vis au centre de Nantes ! \u2013,\net il me faut donc utiliser les b\u00eates des autres. J&rsquo;ai la chance\nd&rsquo;avoir un m\u00e9tier qui me le permet : je suis journaliste agricole.<\/p>\n\n\n\n<p>\tC&rsquo;est\nau fil de mes reportages chez des \u00e9leveurs que je me suis aper\u00e7ue\nde l&rsquo;effet qu&rsquo;avaient les vaches sur moi. Combien de fois me suis-je\nrendue dans une exploitation bovine fatigu\u00e9e, stress\u00e9e, d\u00e9prim\u00e9e,\net en suis revenue apais\u00e9e, revigor\u00e9e. Rien \u00e0 faire, mes visites\nchez les viticulteurs ou chez les mara\u00eechers ne me font pas du tout\nla m\u00eame chose  ! Et j&rsquo;ai beau me dire que j&rsquo;aime les b\u00eates, toutes\nles b\u00eates, ni un mouton, ni une ch\u00e8vre, ni m\u00eame le plus mignon des\nlapins, ne me procure aucune sensation remarquable.<\/p>\n\n\n\n<p>\tC&rsquo;est\nla pr\u00e9sence d&rsquo;une vache, ou, mieux, de plusieurs vaches, qui me fait\ndu bien. J&rsquo;aime \u00eatre dans un pr\u00e9, au milieu d&rsquo;elles. J&rsquo;aime quand\nelles m&rsquo;ignorent, et qu&rsquo;elles continuent de brouter comme si je\nn&rsquo;\u00e9tais pas l\u00e0. J&rsquo;aime ce bruit de l&rsquo;herbe arrach\u00e9e, avec tant de\nforce qu&rsquo;une partie de la motte de terre vient avec. On entend des\n\u00ab&nbsp;scrounch, scrounch,&nbsp;scrounch \u00bb bien r\u00e9guliers, et je\ndevine le go\u00fbt de cette verdure fra\u00eeche et juteuse. \u00c7a me donne\nenvie de me mettre \u00e0 quatre pattes et de faire comme elles, de\nsentir ce flux de la vie, qui passe de la terre \u00e0 l&rsquo;air, du v\u00e9g\u00e9tal\n\u00e0 l&rsquo;animal.<\/p>\n\n\n\n<p>\tJ&rsquo;aime\nles vaches parce qu&rsquo;elles savent ce qu&rsquo;elles ont \u00e0 faire : brouter.\nQuand, moi, si souvent, je ne sais pas quoi faire.<\/p>\n\n\n\n<p>\tParfois,\nau bout d&rsquo;un petit moment, l&rsquo;une des b\u00eates du troupeau, plus\ncurieuse que les autres, s&rsquo;avance vers moi. Tout doucement, comme\ndans un film pass\u00e9 au ralenti, elle vient renifler la sangle de mon\nappareil photo, ou la ceinture de mon manteau. Je sens son souffle\nchaud qui se rapproche lentement, je vois ses naseaux qui s&rsquo;ouvrent\nles plus grands possibles, cherchant \u00e0 capter mes effluves, \u00e0\nsavoir si je suis amie ou ennemie, ou plut\u00f4t, si je suis comestible.\nMais, si, \u00e0 ce moment l\u00e0, je n&rsquo;y tiens plus et je tends mon bras\npour caresser l&rsquo;animal, son mouvement de recul est aussi brusque\nqu&rsquo;il a \u00e9t\u00e9 h\u00e9sitant \u00e0 l&rsquo;approche. \n<\/p>\n\n\n\n<p> Cette peur me touche, m&rsquo;\u00e9meut profond\u00e9ment. Je me demande ce qu&rsquo;il y a d&rsquo;ancr\u00e9 dans les g\u00e8nes de cet animal, quelles souffrances ont \u00e9t\u00e9 v\u00e9cues par ses anc\u00eatres, pour que cette vache qui fait sept cent kilos puisse s&rsquo;effrayer d&rsquo;une personne comme moi qui en fait \u00e0 peine soixante !<\/p>\n\n\n\n<p>\tIl\nexiste pourtant certaines races moins peureuses que d&rsquo;autres. Dans\nnos campagnes de l&rsquo;ouest, elles ne sont pas tr\u00e8s courantes, mais\ntous ceux qui ont eu l&rsquo;occasion de se promener en montagne savent que\nles races des alpages, les simmentals (que partout ailleurs en Europe\non nomme Fleckvieh, les \u00ab&nbsp;vaches tachet\u00e9es&nbsp;\u00bb) et les\nbrunes des Alpes sont des animaux qu&rsquo;il est possible d&rsquo;approcher,\nvoire de caresser. L\u00e0 encore, sans doute, question d&rsquo;ancrage dans\nles g\u00e8nes, \u00e0 force de s\u00e9lection par les \u00e9leveurs : ces b\u00eates\nsont attach\u00e9es \u00e0 l&rsquo;\u00e9table huit mois sur douze ; elles doivent \u00eatre\ndociles ! Les quatre autres mois de l&rsquo;ann\u00e9e, elles se prom\u00e8nent,\nlibrement, \u00e0 travers des sentiers de montagne, o\u00f9 elles peuvent\nrencontrer d&rsquo;autres b\u00eates, \u2013\nbouquetins, chamois ou,\nplus fr\u00e9quemment, randonneurs \u2013\n; l\u00e0 encore, mieux vaut\npour tout le monde qu&rsquo;elles ne soient ni \u00e9motives, ni\nquerelleuses&#8230; \n<\/p>\n\n\n\n<p>\tJe\nme souviens avoir fait un reportage chez l&rsquo;un des rares \u00e9leveurs de\nmon d\u00e9partement poss\u00e9dant des simmentals. Alors que je discutais\navec lui, au milieu de son champ, l&rsquo;une de ses vaches s&rsquo;est approch\u00e9e\nde moi, par derri\u00e8re, et m&rsquo;a pouss\u00e9e de sa grosse t\u00eate, comme pour\nme dire : viens jouer avec moi ! J&rsquo;aurais certes bien jou\u00e9 avec\nelle, mais l&rsquo;\u00e9leveur me l&rsquo;a d\u00e9conseill\u00e9 et a remis la vache \u00e0 sa\nplace, expliquant que ses simmentals prenaient parfois trop de\nlibert\u00e9s et que cela pouvait devenir dangereux.<\/p>\n\n\n\n<p>\tJe\ncrois que l&rsquo;existence de ce danger potentiel constitue l&rsquo;un des\n\u00e9l\u00e9ments-cl\u00e9s de ma vachoth\u00e9rapie : entre une vache et moi, la\npeur est partag\u00e9e. Je lui fais peur et elle, elle me fait peur.\nComme beaucoup de gens, j&rsquo;aime bien me faire peur. Dans la\nvachoth\u00e9rapie (qui, je l&rsquo;avoue, fonctionne sans discrimination avec\nles taureaux aussi bien qu&rsquo;avec les vaches), il y a cette toute\npetite fiert\u00e9 : \u00ab&nbsp;Je suis capable de m&rsquo;approcher de cet animal\nqui pourrait me tuer s&rsquo;il le voulait&#8230;&nbsp;\u00bb Il y aussi cet autre\nd\u00e9fi, encore plus difficile pour quelqu&rsquo;un comme moi qui veut\ntoujours \u00ab&nbsp;avoir le contr\u00f4le&nbsp;\u00bb : \u00ab&nbsp;Je fais\nconfiance au destin.&nbsp;\u00bb \n<\/p>\n\n\n\n<p>\tJe\npense m&rsquo;\u00eatre retrouv\u00e9e vraiment en danger une seule fois : je\nm&rsquo;\u00e9tais avanc\u00e9e, pour les photographier, au milieu d&rsquo;un troupeau de\nlimousines, qui \u00e9taient au pr\u00e9 avec leurs tout jeunes veaux \u2013\ncomment r\u00e9sister \u00e0 ce tableau sublime de vaches rousses avec leurs\npetits veaux roux sur fond d&rsquo;herbe verte ? \u2013\n. Mais ce n&rsquo;\u00e9tait pas une chose \u00e0 faire. Les limousines, en\nl&rsquo;occurrence, des primipares, ne sont pas des vaches tr\u00e8s fines&#8230;\nJ&rsquo;avais \u00e0 peine d\u00e9gain\u00e9 mon appareil photo qu&rsquo;il y a eu des\nmeuglements et des grattements de sabots. L&rsquo;\u00e9leveur a accouru avec\nson b\u00e2ton et m&rsquo;a pri\u00e9e de sortir. Je suis rentr\u00e9e particuli\u00e8rement\nragaillardie de ce reportage-l\u00e0 !<\/p>\n\n\n\n<p>\tJ&rsquo;ai\neu l&rsquo;occasion de me rendre compte que ma vachoth\u00e9rapie fonctionnait\naussi \u00e0 distance. Il y a quelque temps, j&rsquo;ai d\u00fb \u00eatre hospitalis\u00e9e,\nalit\u00e9e, pendant de longues semaines. Pour moi, qui ai une tendance \u00e0\nla claustrophobie, cet enfermement et cette immobilit\u00e9 \u00e9taient\ninsupportables. Lorsque je sentais l&rsquo;angoisse monter, j&rsquo;essayais de\nvisualiser un pr\u00e9 avec des vaches et je parvenais de temps en temps\n\u00e0 juguler l&rsquo;angoisse, \u00e0 emp\u00eacher qu&rsquo;elle ne se transforme en crise\nde panique.  Je me souviens qu&rsquo;\u00e0 cette \u00e9poque, c&rsquo;\u00e9tait un pr\u00e9\nparticulier que je voyais, o\u00f9 je m&rsquo;\u00e9tais rendue quelques mois\nauparavant : une prairie situ\u00e9e au bord de l&rsquo;Erdre, dans laquelle\nles tr\u00e8fles \u00e9taient nombreux et tous en fleur, et o\u00f9 paissaient\ndes rouges des pr\u00e9s.<\/p>\n\n\n\n<p>\tJ&rsquo;aime\nles grosses vaches. Les rouges des pr\u00e9s figurent parmi les vaches\nles plus massives et je pense que c&rsquo;est pour cela que j&rsquo;avais choisi\nde me les repr\u00e9senter en r\u00eave.  Adultes, les femelles rouges des\npr\u00e9s font facilement une tonne. J&rsquo;aime les vaches qui ont des\nfesses, des hanches, de la chair autour de leur carcasse et des\ngrosses t\u00eates carr\u00e9es. La Prim&rsquo;hosltein, avec ses os saillants, ses\nfesses toutes creuses et son mufle allong\u00e9, est sans doute la race\nqui m&rsquo;attire le moins. C&rsquo;est, h\u00e9las pour moi, la plus r\u00e9pandue !<\/p>\n\n\n\n<p>\tC&rsquo;est\npourquoi j&rsquo;aime beaucoup aller dans les salons agricoles, pour avoir\nl&rsquo;occasion de toucher les fesses des vaches de races moins communes.\nLeur position, dans les stalles d&rsquo;exposition, les rend g\u00e9n\u00e9ralement\nincapables de se soustraire \u00e0 mes caresses. Alors, j&rsquo;en profite !\nLorsque l&rsquo;on pose la main sur la fesse d&rsquo;une vache, on voit souvent\nl&rsquo;onde de contact qui se propage le long de son flanc. Malgr\u00e9 leur\ntaille, ce sont des animaux sensibles. La blonde d&rsquo;Aquitaine est, \u00e0\nma connaissance, la race qui a la peau la plus fine. Toucher une\nblonde, c&rsquo;est sentir presque directement sous ses doigts, le muscle\nqui palpite, et la viande chaude.<\/p>\n\n\n\n<p> Car il faut aussi que je vous le dise. Mon amour des vaches ne se fait pas que dans les champs. J&rsquo;aime aussi les vaches dans mon assiette. Et c&rsquo;est un paradoxe que je ne m&rsquo;explique gu\u00e8re, moi la protectrice des animaux, qui  ne mangerait ni chat, chien, cheval et m\u00eame lapin (cela m&rsquo;est devenu impossible depuis que je poss\u00e8de des lapins de compagnie !). Je crois que m\u00eame si j&rsquo;avais une vache chez moi, une vache \u00e0 moi, je resterais capable de manger de la vache. Certes pas ma vache (je ne pense pas d&rsquo;ailleurs, qu&rsquo;elle irait \u00e0 l&rsquo;abattoir). Mais un bon steak grill\u00e9 me fera toujours saliver.<\/p>\n\n\n\n<p>\tDurant\nmes deux grossesses, qui ont \u00e9t\u00e9 tr\u00e8s \u00e9prouvantes \u00e0 tous points\nde vue, je ne pouvais presque rien avaler. Tout me levait le c\u0153ur.\nTout sauf le steak grill\u00e9, qui constituait l&rsquo;une des rares choses\nqui me faisait envie et surtout l&rsquo;une des rares voulant bien rester\ndans mon estomac. Je ne\npouvais avaler mon steak que \u00ab&nbsp;tout nu&nbsp;\u00bb : sans beurre,\nni sauce, ni poivre&#8230;\nJuste le go\u00fbt de la chair. Et je suis tr\u00e8s reconnaissante aux\nvaches de m&rsquo;avoir permis de faire prendre un peu de poids \u00e0 mes\nfilles.<\/p>\n\n\n\n<p> Sa chair, son lait : la vache est un animal qui donne beaucoup d&rsquo;elle-m\u00eame. Elle offre son corps, enti\u00e8rement, et pas seulement pour la consommation ! Ses organes sexuels sont expos\u00e9s, offerts \u00e0 tous les regards. Sa mamelle fait m\u00eame l&rsquo;objet d&rsquo;un  culte, plus particuli\u00e8rement, bien s\u00fbr, chez les races laiti\u00e8res. Il faut avoir assist\u00e9 \u00e0 un concours pour le croire, mais les juges sont capables de se p\u00e2mer pour une grosse mamelle bien accroch\u00e9e au corps : \u00ab&nbsp;exceptionnelle&nbsp;\u00bb, \u00ab&nbsp;extraordinaire&nbsp;\u00bb, \u00ab&nbsp;j&rsquo;en ai des frissons&nbsp;\u00bb, entend-on r\u00e9guli\u00e8rement sur les rings\/\/\/<\/p>\n\n\n\n<p>\t\nQuant \u00e0 son sexe, l\u00e0 non plus, la vache n&rsquo;en fait pas myst\u00e8re. Ses\npratiques sexuelles sont publiques, et m\u00eame surveill\u00e9es (parfois\nfilm\u00e9es !) : j&rsquo;ai assist\u00e9 \u00e0 des conf\u00e9rences scientifiques tr\u00e8s\ns\u00e9rieuses sur l&rsquo;importance du l\u00e9chage de la vulve ou de\nl&rsquo;acceptation du chevauchement comme signes de chaleurs chez une\nvache. D\u00e8s qu&rsquo;une vache est identifi\u00e9e comme \u00e9tant \u00ab&nbsp;en\nchaleurs&nbsp;\u00bb, elle est mise \u00e0 la reproduction. Mais la plupart\ndu temps, ce n&rsquo;est pas un taureau qu&rsquo;elle va voir. Elle va s&rsquo;ouvrir\nenti\u00e8rement, \u00e0 un homme, que l&rsquo;on nomme ins\u00e9minateur. Et elle le\nfait, sans tabou, par ses deux orifices. L&rsquo;ins\u00e9minateur ins\u00e8re en\neffet un bras dans l&rsquo;anus de la vache, et l&rsquo;autre, moins\nprofond\u00e9ment, dans son vagin. L&rsquo;objectif \u00e9tant de guider, de\nl&rsquo;int\u00e9rieur, la paillette contenant le sperme du taureau, jusque\ndans le fond de l&rsquo;ut\u00e9rus de la vache. \n<\/p>\n\n\n\n<p>\tMais\nen dehors m\u00eame de ces op\u00e9rations d&rsquo;ins\u00e9mination, la vache a de\ntoute fa\u00e7on un sexe offert et visible par tous, car ce n&rsquo;est pas sa\nqueue, fine et toujours en mouvement, qui va le masquer. Je me\nsouviens d&rsquo;un ami \u00e9leveur me racontant, avec \u00e9motion, que l&rsquo;un des\ns\u00e9lectionneurs les plus en vue au monde, l&rsquo;am\u00e9ricain&nbsp;Ernie\nKueffner, avait pris la peine d&rsquo;essuyer la vulve de la vache de mon\nami, \u00ab&nbsp;avec son mouchoir !&nbsp;\u00bb \u00ab&nbsp;Tu te rends compte\nCatherine, il a sorti son <em>propre<\/em>\nmouchoir !&nbsp;\u00bb Mon ami en \u00e9tait boulevers\u00e9.<\/p>\n\n\n\n<p> Avec les vaches, il n&rsquo;y a pas de tabous, pas de calculs, pas de pose. Elles se donnent tout enti\u00e8res, acceptant leur sort avec ce qui ressemble, non pas \u00e0 de la r\u00e9signation, mais \u00e0 de la placidit\u00e9, voire \u00e0 une sorte de plaisir de se laisser conduire, de se laisser faire. Oserai-je dire que j&rsquo;ai connu  \u2013 mais trop rarement \u2013 ce genre de plaisir de l&rsquo;abandon total ? Quand un animal se donne ainsi \u00e0 l&rsquo;homme, enti\u00e8rement, aveugl\u00e9ment, je ne peux m&#8217;emp\u00eacher de penser que \u00ab&nbsp;c&rsquo;est p\u00e9cher&nbsp;\u00bb que de jouer avec. Alors, inutile de dire que les corridas et autres jeux mettant en sc\u00e8ne des vaches, me r\u00e9voltent, et que jamais, je ne pourrais avoir d&rsquo;amiti\u00e9 pour les amateurs de telles barbaries.<\/p>\n\n\n\n<p>\tLes\nvaches nous donnent leur lait, elles nous offrent leur corps. Elles\npeuvent faire devenir int\u00e9ressant le paysage le plus banal et\nrendent \u00e0 l&rsquo;environnement bien plus de services que les tenants du\nseul bilan carbone voudraient bien admettre (allez donc dire aux\nh\u00e9rons garde-b\u0153uf que les vaches sont n\u00e9fastes \u00e0 l&rsquo;environnement\n!) \n<\/p>\n\n\n\n<p>\tEt\n\u00e0 moi, peut-\u00eatre aussi \u00e0 quelques autres, elles donnent aussi une\nle\u00e7on d&rsquo;abandon total au  destin, de courage de traverser la vie en\nsachant qu&rsquo;il y a la mort au bout \u2013\ncar je suis persuad\u00e9e\nqu&rsquo;elles le savent ! \u2013,\nde faire ce que  l&rsquo;on a \u00e0 faire, sans trop se poser de questions. \n<\/p>\n\n\n\n<p>\tAlors,\noui, assur\u00e9ment, j&rsquo;aimerais bien \u00eatre un peu vache&#8230;\n                          \n                                                                     \n                                                                     \n                                                                     \n                                                                     \n                                                                     \n                                                                     \n                                                                     \n                                                                     \n                                                                     \n                                                                     \n                                                                     \n                                                                     \n                                                                     \n                                                                     \n                                                                     \n                                                                     \n                                                                     \n                                                                     \n                                                                     \n                                                                     \n                                                                     \n                                                                     \n                                                                     \n                                                                     \n                                                                     \n                                                                     \n                                                     \n<\/p>\n","protected":false},"excerpt":{"rendered":"<p><span class=\"rt-reading-time\" style=\"display: block;\"><span class=\"rt-label rt-prefix\">Temps de lecture\u00a0: <\/span> <span class=\"rt-time\">9<\/span> <span class=\"rt-label rt-postfix\">minutes<\/span><\/span> J&rsquo;ai essay\u00e9, il y a d\u00e9j\u00e0 longtemps (ce texte date de 2011 !), de d\u00e9crire ce que j&rsquo;aimais chez les vaches&#8230; La vachoth\u00e9rapie ou le don de soi J&rsquo;ai longtemps cru \u00eatre \u00e0 l&rsquo;origine du mot vachoth\u00e9rapie, ou, au moins, en \u00eatre l&rsquo;unique utilisatrice. Mais j&rsquo;ai d\u00e9couvert r\u00e9cemment, gr\u00e2ce \u00e0 Internet, que ce terme \u00e9tait [&hellip;]<\/p>\n","protected":false},"author":1,"featured_media":0,"parent":0,"menu_order":0,"comment_status":"closed","ping_status":"closed","template":"","meta":{"footnotes":""},"class_list":["post-259","page","type-page","status-publish","hentry"],"_links":{"self":[{"href":"https:\/\/aestunevache.com\/index.php?rest_route=\/wp\/v2\/pages\/259","targetHints":{"allow":["GET"]}}],"collection":[{"href":"https:\/\/aestunevache.com\/index.php?rest_route=\/wp\/v2\/pages"}],"about":[{"href":"https:\/\/aestunevache.com\/index.php?rest_route=\/wp\/v2\/types\/page"}],"author":[{"embeddable":true,"href":"https:\/\/aestunevache.com\/index.php?rest_route=\/wp\/v2\/users\/1"}],"replies":[{"embeddable":true,"href":"https:\/\/aestunevache.com\/index.php?rest_route=%2Fwp%2Fv2%2Fcomments&post=259"}],"version-history":[{"count":10,"href":"https:\/\/aestunevache.com\/index.php?rest_route=\/wp\/v2\/pages\/259\/revisions"}],"predecessor-version":[{"id":442,"href":"https:\/\/aestunevache.com\/index.php?rest_route=\/wp\/v2\/pages\/259\/revisions\/442"}],"wp:attachment":[{"href":"https:\/\/aestunevache.com\/index.php?rest_route=%2Fwp%2Fv2%2Fmedia&parent=259"}],"curies":[{"name":"wp","href":"https:\/\/api.w.org\/{rel}","templated":true}]}}